{"id":71,"date":"2011-06-03T18:34:09","date_gmt":"2011-06-03T18:34:09","guid":{"rendered":"http:\/\/rybari2.pohoda.com\/?page_id=71"},"modified":"2026-03-10T09:40:14","modified_gmt":"2026-03-10T08:40:14","slug":"kontakty","status":"publish","type":"page","link":"https:\/\/rybari.pohoda.com\/?page_id=71","title":{"rendered":"Kontakty"},"content":{"rendered":"<p>Kontaktn\u00ed \u00fadaje<br \/>\nLidick\u00e1 191<br \/>\n370 07 \u010cesk\u00e9 Bud\u011bjovice<\/p>\n<p><strong>Kancel\u00e1\u0159 (povolenky,ubytov\u00e1n\u00ed)- p.Nejezchlebov\u00e1:<\/strong> 603320043,386466330<\/p>\n<p><strong>E-mail: mo2povolenky@volny.cz<\/strong><\/p>\n<p><strong>Hospod\u00e1\u0159:<\/strong> 723468808<\/p>\n<p><strong>E \u2013mail:<\/strong><a href=\"mailto:crs_mo2@volny.cz\">crs_mo2@volny.cz <\/a><\/p>\n<p><strong>I\u010cO:<\/strong> 62534394, <strong>DI\u010c:<\/strong> 077 &#8211; 62534394<\/p>\n<p><strong>V\u00fdbor m\u00edstn\u00ed organizace<\/strong><\/p>\n<table>\n<tbody>\n<tr>\n<td>P\u0159edseda:<\/td>\n<td>Ing. Ale\u0161 Kubelka<\/td>\n<\/tr>\n<tr>\n<td>M\u00edstop\u0159edseda:<\/td>\n<td>JUDr. Jan Mr\u00e1z<\/td>\n<\/tr>\n<tr>\n<td>Jednatel:<\/td>\n<td>Ing. Milan Karv\u00e1nek<\/td>\n<\/tr>\n<tr>\n<td>Hospod\u00e1\u0159:<\/td>\n<td>Zden\u011bk Babka<\/td>\n<\/tr>\n<tr>\n<td>Z\u00e1stupce hospod\u00e1\u0159e:<\/td>\n<td>Vlastimil H\u00e1la<\/td>\n<\/tr>\n<tr>\n<td>\u00da\u010detn\u00ed:<\/td>\n<td>Hana Kozojedov\u00e1<\/td>\n<\/tr>\n<tr>\n<td>Vedouc\u00ed ryb\u00e1\u0159sk\u00e9 str\u00e1\u017ee, spr\u00e1vce ubytov\u00e1n\u00ed:<\/td>\n<td>Karel Zeman<\/td>\n<\/tr>\n<tr>\n<td>\u010clen v\u00fdboru:<\/td>\n<td>Ing. Karel Kub\u00e1t<\/td>\n<\/tr>\n<tr>\n<td>\u010clen v\u00fdboru:<\/td>\n<td>Jind\u0159ich Prajs<\/td>\n<\/tr>\n<\/tbody>\n<\/table>\n<p><strong>Dozor\u010d\u00ed komise<\/strong><\/p>\n<table>\n<tbody>\n<tr>\n<td>P\u0159edseda:<\/td>\n<td>Luk\u00e1\u0161 Bzeneck\u00fd<\/td>\n<\/tr>\n<tr>\n<td>\u010clen:<\/td>\n<td>Roman Exl<\/td>\n<\/tr>\n<tr>\n<td>\u010clen:<\/td>\n<td>Ladislav \u010ce\u010delovsk\u00fd<\/td>\n<\/tr>\n<\/tbody>\n<\/table>\n<p>Copyright \u00a9 \u010cRS m\u00edstn\u00ed organizace \u010d. 2, \u010cesk\u00e9 Bud\u011bjovice<br \/>\nV\u0161echna pr\u00e1va vyhrazen<\/p>\n","protected":false},"excerpt":{"rendered":"<p>Kontaktn\u00ed \u00fadaje Lidick\u00e1 191 370 07 \u010cesk\u00e9 Bud\u011bjovice Kancel\u00e1\u0159 (povolenky,ubytov\u00e1n\u00ed)- p.Nejezchlebov\u00e1: 603320043,386466330 E-mail: mo2povolenky@volny.cz Hospod\u00e1\u0159: 723468808 E \u2013mail:crs_mo2@volny.cz I\u010cO: 62534394, DI\u010c: 077 &#8211; 62534394 V\u00fdbor m\u00edstn\u00ed organizace P\u0159edseda: Ing. Ale\u0161 Kubelka M\u00edstop\u0159edseda: JUDr. Jan Mr\u00e1z Jednatel: Ing. Milan Karv\u00e1nek Hospod\u00e1\u0159: Zden\u011bk Babka Z\u00e1stupce hospod\u00e1\u0159e: Vlastimil H\u00e1la \u00da\u010detn\u00ed: Hana Kozojedov\u00e1 Vedouc\u00ed ryb\u00e1\u0159sk\u00e9 str\u00e1\u017ee, spr\u00e1vce ubytov\u00e1n\u00ed: Karel [&hellip;]<\/p>\n","protected":false},"author":1,"featured_media":0,"parent":0,"menu_order":5,"comment_status":"open","ping_status":"open","template":"","meta":{"ngg_post_thumbnail":0,"footnotes":""},"class_list":["post-71","page","type-page","status-publish","hentry"],"_links":{"self":[{"href":"https:\/\/rybari.pohoda.com\/index.php?rest_route=\/wp\/v2\/pages\/71","targetHints":{"allow":["GET"]}}],"collection":[{"href":"https:\/\/rybari.pohoda.com\/index.php?rest_route=\/wp\/v2\/pages"}],"about":[{"href":"https:\/\/rybari.pohoda.com\/index.php?rest_route=\/wp\/v2\/types\/page"}],"author":[{"embeddable":true,"href":"https:\/\/rybari.pohoda.com\/index.php?rest_route=\/wp\/v2\/users\/1"}],"replies":[{"embeddable":true,"href":"https:\/\/rybari.pohoda.com\/index.php?rest_route=%2Fwp%2Fv2%2Fcomments&post=71"}],"version-history":[{"count":19,"href":"https:\/\/rybari.pohoda.com\/index.php?rest_route=\/wp\/v2\/pages\/71\/revisions"}],"predecessor-version":[{"id":2414,"href":"https:\/\/rybari.pohoda.com\/index.php?rest_route=\/wp\/v2\/pages\/71\/revisions\/2414"}],"wp:attachment":[{"href":"https:\/\/rybari.pohoda.com\/index.php?rest_route=%2Fwp%2Fv2%2Fmedia&parent=71"}],"curies":[{"name":"wp","href":"https:\/\/api.w.org\/{rel}","templated":true}]}}