{"id":42,"date":"2011-06-03T17:30:23","date_gmt":"2011-06-03T17:30:23","guid":{"rendered":"http:\/\/rybari2.pohoda.com\/?page_id=42"},"modified":"2013-01-28T22:15:09","modified_gmt":"2013-01-28T21:15:09","slug":"42-2","status":"publish","type":"page","link":"https:\/\/rybari.pohoda.com\/?page_id=42","title":{"rendered":"Vznik a v\u00fdvoj m\u00edstn\u00ed organizace"},"content":{"rendered":"<p><strong>Trocha historie nikoho nezabije<\/strong><\/p>\n<p><span><br \/>\nJe velik\u00e1 \u0161koda, \u017ee na\u0161i d\u011bdov\u00e9 a otcov\u00e9 nezalo\u017eili kroniku m\u00edstn\u00ed organizace, kter\u00e1 by mapovala jej\u00ed v\u00fdvoj od zalo\u017een\u00ed po sou\u010dasnost. Proto je historie \u010derp\u00e1na od pam\u011btn\u00edk\u016f a zakl\u00e1daj\u00edc\u00edch \u010dlen\u016f organizace. Z pam\u011bt\u00ed je z\u0159ejm\u00e9, \u017ee organizace vznikla v \u010dervnu roku 1946 jako krou\u017eek ryb\u00e1\u0159\u016f p\u0159i podniku R\u010cB \u010cesk\u00e9 Bud\u011bjovice. Tento krou\u017eek v po\u010dtu p\u0159ibli\u017en\u011b 20 \u010dlen\u016f se za\u010dal starat v podstat\u011b o dva rev\u00edry. Jednalo se o \u010d\u00e1st \u0159eky \u010cern\u00e9, pstruhov\u00fd rev\u00edr a n\u00e1dr\u017e na \u0159ece \u010cern\u00e9, mimopstruhov\u00fd rev\u00edr. U t\u00e9to n\u00e1dr\u017ee z\u00edskal ryb\u00e1\u0159sk\u00fd krou\u017eek chatu, ve kter\u00e9 prob\u00edhala v\u011bt\u0161ina \u010dinnosti krou\u017eku. Po uveden\u00ed z\u00e1kona o ryb\u00e1\u0159stv\u00ed v 60. letech se krou\u017eek p\u0159em\u011bnil v M\u00edstn\u00ed organizaci 2, \u010cesk\u00e9 Bud\u011bjovice s \u010dlenskou z\u00e1kladnou asi 45 \u010dlen\u016f. D\u016fle\u017eit\u00fdm mezn\u00edkem se stal rok 1975, kdy organizace p\u0159istupuje ke spole\u010dn\u00e9mu hospoda\u0159en\u00ed a rybolovu v r\u00e1mci Jiho\u010desk\u00e9ho krajsk\u00e9ho svazu \u010cRS. V t\u00e9to dob\u011b organizace s\u00eddlila na Rudolfovsk\u00e9 t\u0159\u00edd\u011b a \u010d\u00edtala 82 \u010dlen\u016f a dva d\u011btsk\u00e9 ryb\u00e1\u0159sk\u00e9 krou\u017eky s 18 d\u011btmi. Na z\u00e1klad\u011b v\u00fdpov\u011bdi z kancel\u00e1\u0159e se organizace na po\u010d\u00e1tku 80. let p\u0159est\u011bhovala do Krajinsk\u00e9 ulice, kde s\u00eddlila a\u017e do roku 1999. Prostory kancel\u00e1\u0159e byly zrekonstruov\u00e1ny a za\u010daly zde fungovat pravideln\u00e9 \u00fa\u0159edn\u00ed hodiny pro v\u00fddej povolenek. Po roce 1999 byla nemovitost prod\u00e1na do soukrom\u00e9ho vlastnictv\u00ed a organizaci byla d\u00e1na v\u00fdpov\u011b\u010f z prostor, kter\u00e9 u\u017e\u00edvala pro svou \u010dinnost. V\u00fdbor MO 2 zv\u00e1\u017eil mo\u017enosti dal\u0161\u00edho pron\u00e1jmu prostor a mo\u017enost zakoupen\u00ed vlastn\u00ed nemovitosti a rozhodl o koupi. V listopadu 1999 zakoupil d\u016fm se zahradou na <a href=\"http:\/\/rybari.pohoda.com\/?page_id=152\">Lidick\u00e9 t\u0159\u00edd\u011b \u010d. 191<\/a> v \u010cesk\u00fdch Bud\u011bjovic\u00edch. V pl\u00e1nu organizace bylo um\u00edstit do tohoto domu nejenom kancel\u00e1\u0159e, ale i klubovnu pro sv\u00e9 \u010dleny a na zahrad\u011b vystav\u011bt gar\u00e1\u017e a sklady. V roce 2000 byla provedena celkov\u00e1 rekonstrukce a na podzim tohoto roku byl zah\u00e1jen provoz kancel\u00e1\u0159e. Ostatn\u00ed pl\u00e1novan\u00e9 akce t\u00fdkaj\u00edc\u00ed se rekonstrukce a v\u00fdstavby se poda\u0159\u00ed uskute\u010dnit v nejbli\u017e\u0161\u00edch letech.<br \/>\nP\u0159i na\u0161em vzpom\u00edn\u00e1n\u00ed nem\u016f\u017eeme zapomenout na n\u011bkter\u00e9 \u010dleny organizace, kte\u0159\u00ed se zaslou\u017eili o jej\u00ed zalo\u017een\u00ed a jej\u00ed \u010dinnost v dal\u0161\u00edch letech. Mezi zakl\u00e1daj\u00edc\u00ed \u010dleny pat\u0159ili p\u00e1nov\u00e9 Soukup, Joza, Forejt, Vale\u0161, Sl\u00e1ma, Str\u00e1sk\u00fd, \u0160indler, Pavl\u00ed\u010dek. Z dal\u0161\u00edch \u010dlen\u016f, kte\u0159\u00ed se zaslou\u017eili o rozvoj organizace jmenujme nap\u0159\u00edklad p\u00e1ny Pra\u017e\u00e1ka, Rybu, \u010cern\u00e9ho, \u0160t\u011bp\u00e1na, \u010cadu, Winklera, Hol\u010dapka, Kozl\u00edka, Personu a Opelku. V\u0161em t\u011bmto \u010dlen\u016fm pat\u0159\u00ed na\u0161e pod\u011bkov\u00e1n\u00ed za to, co pro organizaci u\u010dinili.<\/span><\/p>\n<p>&nbsp;<\/p>\n<p><!--nextpage--><\/p>\n<p><strong>Hospoda\u0159en\u00ed m\u00edstn\u00ed organizace<\/strong><\/p>\n<p><strong>Chov ryb<\/strong><br \/>\nOd sv\u00e9ho zalo\u017een\u00ed v roce 1948 do roku 1966 hospoda\u0159il krou\u017eek, pozd\u011bji organizace na pstruhov\u00fdch kapil\u00e1r\u00e1ch. V roce 1966 vybudovala organizace rybn\u00edk, kter\u00fd zaji\u0161\u0165oval zarybn\u011bn\u00ed do rev\u00edru \u010cern\u00e1 2. V dal\u0161\u00edch letech si organizace tak\u00e9 rybn\u00edky na chov ryb pronaj\u00edmala a t\u00edm zajistila samostatnost p\u0159i zaryb\u0148ov\u00e1n\u00ed sv\u00fdch rev\u00edr\u016f a tak\u00e9 distribuci ryb do ostatn\u00edch rev\u00edr\u016f Jiho\u010desk\u00e9ho krajsk\u00e9ho svazu. Po roce 1989 byly n\u011bkter\u00e9 rybn\u00edky vr\u00e1ceny do soukrom\u00e9ho vlastnictv\u00ed, proto organizace pronaj\u00edmala rybn\u00edky jin\u00e9. V sou\u010dasn\u00e9 dob\u011b organizace hospoda\u0159\u00ed na 10 chovn\u00fdch rybn\u00edc\u00edch, kde se p\u0159ev\u00e1\u017en\u011b chov\u00e1 kapr, l\u00edn, \u0161tika, cand\u00e1t a b\u00edl\u00e1 ryba. D\u00e1le organizace hospoda\u0159\u00ed na 9 pstruhov\u00fdch kapil\u00e1r\u00e1ch.<\/p>\n<p>&nbsp;<\/p>\n<p><strong>Rybolov<\/strong><br \/>\nOrganizace obhospoda\u0159uje 3 pstruhov\u00e9 rev\u00edry \u2013 \u010cern\u00e11, \u010cern\u00e1 2 a Bezdrevsk\u00fd potok 3P, kde hlavn\u00ed lovnou rybou je pstruh obecn\u00fd, pstruh duhov\u00fd, siven americk\u00fd, lipan podhorn\u00ed, kapr obecn\u00fd a l\u00edn obecn\u00fd. V\u00fdbor organizace se souhlasem sv\u00fdch \u010dlen\u016f rozhodl o roz\u0161\u00ed\u0159en\u00ed mo\u017enost\u00ed rybolovu po sv\u00e9 \u010dleny. Vznikly tak m\u00edstn\u00ed rev\u00edry M\u00edstn\u00ed organizace 2 pronajmut\u00edm rybn\u00edk\u016f Sv\u011btl\u00edk, Doln\u00ed a K\u0159i\u0161\u0165anec.<\/p>\n<p>&nbsp;<\/p>\n<p><strong>Rekreace \u010dlen\u016f<\/strong><br \/>\nChata u n\u00e1dr\u017ee <a href=\"http:\/\/rybari.pohoda.com\/?page_id=150\">\u010cern\u00e1 2<\/a>, kde prob\u00edhala po\u010d\u00e1te\u010dn\u00ed \u010dinnost organizace, byla v letech 1988 a\u017e 1995 <a href=\"http:\/\/rybari.pohoda.com\/?page_id=151\">zrekonstruov\u00e1na<\/a> a na p\u0159ilehl\u00e9m pozemku byly v t\u00e9\u017ee dob\u011b postaveny dal\u0161\u00ed dv\u011b chaty. V sou\u010dasn\u00e9 dob\u011b cel\u00e9 toto za\u0159\u00edzen\u00ed slou\u017e\u00ed k rekreaci na\u0161ich \u010dlen\u016f.<\/p>\n<p>&nbsp;<\/p>\n<p><!--nextpage--><strong>Ml\u00e1de\u017e v m\u00edstn\u00ed organizaci<\/strong><\/p>\n<p>Vzhledem k neexistenci kroniky na\u0161\u00ed organizace m\u016f\u017eeme na\u0161i \u010dinnost s ml\u00e1de\u017e\u00ed zmapovat a\u017e od roku 1973, kdy byly zalo\u017eeny krou\u017eky d\u011bt\u00ed a ml\u00e1de\u017ee. V letech 1973 a\u017e 1988 se tyto krou\u017eky z\u00fa\u010dast\u0148ovaly v\u0161ech akc\u00ed Jiho\u010desk\u00e9ho krajsk\u00e9ho svazu \u010cRS. Po roce 1988 funguj\u00ed krou\u017eky d\u00e1le, ale pouze na \u00farovni m\u00edstn\u00ed organizace.<\/p>\n<p>&nbsp;<\/p>\n<p><strong>Povodn\u011b 2002<\/strong><\/p>\n<p>Rozs\u00e1hl\u00e9 povodn\u011b v roce 2002 se nevyhnuly ani majetku na\u0161\u00ed organizace. Na chovn\u00fdch rybn\u00edc\u00edch uplavalo 85% n\u00e1sady. Nejv\u011bt\u0161\u00ed \u0161kody v\u0161ak byly na rev\u00edru <a href=\"http:\/\/rybari.pohoda.com\/?page_id=146\">\u010cern\u00e1 2<\/a>, kde se protrhla hr\u00e1z n\u00e1dr\u017ee. Velk\u00e1 voda odnesla v\u0161echny ryby a \u010d\u00e1st pozemku pod chatami. Na rok 2004 je napl\u00e1nov\u00e1no zah\u00e1jen\u00ed v\u00fdstavby nov\u00e9 hr\u00e1ze, kter\u00e1 by m\u011bla b\u00fdt dokon\u010dena v roce 2005.<\/p>\n<p>&nbsp;<\/p>\n<p><strong>Z\u00e1v\u011br<\/strong><\/p>\n<p>Proto\u017ee ryb\u00e1\u0159i jsou spole\u010denskou organizac\u00ed, cht\u011bl by v\u00fdbor, aby se i na\u0161e organizace za\u010dala v budoucnu tak chovat. Zva\u017euje tedy, jak\u00e9 spole\u010densk\u00e9 aktivity p\u0159ipravit pro sv\u00e9 \u010dleny, jejich rodinn\u00e9 p\u0159\u00edslu\u0161n\u00edky, ale tak\u00e9 ne\u010dleny a \u0161irokou ve\u0159ejnost.<\/p>\n<p>&nbsp;<\/p>\n","protected":false},"excerpt":{"rendered":"<p>Trocha historie nikoho nezabije Je velik\u00e1 \u0161koda, \u017ee na\u0161i d\u011bdov\u00e9 a otcov\u00e9 nezalo\u017eili kroniku m\u00edstn\u00ed organizace, kter\u00e1 by mapovala jej\u00ed v\u00fdvoj od zalo\u017een\u00ed po sou\u010dasnost. Proto je historie \u010derp\u00e1na od pam\u011btn\u00edk\u016f a zakl\u00e1daj\u00edc\u00edch \u010dlen\u016f organizace. Z pam\u011bt\u00ed je z\u0159ejm\u00e9, \u017ee organizace vznikla v \u010dervnu roku 1946 jako krou\u017eek ryb\u00e1\u0159\u016f p\u0159i podniku R\u010cB \u010cesk\u00e9 Bud\u011bjovice. Tento [&hellip;]<\/p>\n","protected":false},"author":1,"featured_media":0,"parent":0,"menu_order":0,"comment_status":"closed","ping_status":"closed","template":"","meta":{"ngg_post_thumbnail":0,"footnotes":""},"class_list":["post-42","page","type-page","status-publish","hentry"],"_links":{"self":[{"href":"https:\/\/rybari.pohoda.com\/index.php?rest_route=\/wp\/v2\/pages\/42","targetHints":{"allow":["GET"]}}],"collection":[{"href":"https:\/\/rybari.pohoda.com\/index.php?rest_route=\/wp\/v2\/pages"}],"about":[{"href":"https:\/\/rybari.pohoda.com\/index.php?rest_route=\/wp\/v2\/types\/page"}],"author":[{"embeddable":true,"href":"https:\/\/rybari.pohoda.com\/index.php?rest_route=\/wp\/v2\/users\/1"}],"replies":[{"embeddable":true,"href":"https:\/\/rybari.pohoda.com\/index.php?rest_route=%2Fwp%2Fv2%2Fcomments&post=42"}],"version-history":[{"count":13,"href":"https:\/\/rybari.pohoda.com\/index.php?rest_route=\/wp\/v2\/pages\/42\/revisions"}],"predecessor-version":[{"id":44,"href":"https:\/\/rybari.pohoda.com\/index.php?rest_route=\/wp\/v2\/pages\/42\/revisions\/44"}],"wp:attachment":[{"href":"https:\/\/rybari.pohoda.com\/index.php?rest_route=%2Fwp%2Fv2%2Fmedia&parent=42"}],"curies":[{"name":"wp","href":"https:\/\/api.w.org\/{rel}","templated":true}]}}