{"id":303,"date":"2013-01-28T22:01:47","date_gmt":"2013-01-28T21:01:47","guid":{"rendered":"http:\/\/rybari.pohoda.com\/?page_id=303"},"modified":"2025-04-08T11:55:20","modified_gmt":"2025-04-08T09:55:20","slug":"rezervace-ubytovani","status":"publish","type":"page","link":"https:\/\/rybari.pohoda.com\/?page_id=303","title":{"rendered":"Rezervace rekrea\u010dn\u00ed za\u0159\u00edzen\u00ed"},"content":{"rendered":"<p>Ubytov\u00e1n\u00ed v na\u0161em rekrea\u010dn\u00edm za\u0159\u00edzen\u00ed je ur\u010dena nejen pro ryb\u00e1\u0159e. \u00a0Cel\u00e9 okol\u00ed je jako stvo\u0159en\u00e9 pro cykloturistick\u00e9 a turistick\u00e9 v\u00fdlety. Kapacita za\u0159\u00edzen\u00ed je 20 l\u016f\u017eek ve \u010dty\u0159l\u016f\u017ekov\u00fdch pokoj\u00edch s vlastn\u00edm soci\u00e1ln\u00edm za\u0159\u00edzen\u00edm, teplou vodou, vlastn\u00ed kuchy\u0148kou a topen\u00edm na d\u0159evo v kombinaci s elektrick\u00fdm vyt\u00e1p\u011bn\u00edm. Uk\u00e1zky ubytov\u00e1n\u00ed naleznete v na\u0161\u00ed <a href=\"http:\/\/rybari.pohoda.com\/?page_id=151\">fotogalerii<\/a>. Cena za ubytov\u00e1n\u00ed je 1100,-K\u010d \/ noc \/ ubytovac\u00ed jednotka (pokoj) v\u010d. elektrick\u00e9 energie p\u0159i ubytov\u00e1n\u00ed minim\u00e1ln\u011b 6 noc\u00ed,p\u0159i krat\u0161\u00edm ubytov\u00e1n\u00ed je cena 1500,-K\u010d + poplatek O\u00da.Ubytov\u00e1n\u00ed je mo\u017en\u00e9 od 1.\u010dervna do 31.\u0159\u00edjna.<\/p>\n<p>Mo\u017enost rybolovu je na rev\u00edru \u010cern\u00e1 2 (n\u00e1dr\u017e Sob\u011bnov) cca 50 m, v okol\u00ed jsou rev\u00edry \u010cern\u00e1 1, Mal\u0161e 3, Mal\u0161e P4, Mal\u0161e 6P a Mal\u0161e 5P. \u00a0\u00a0Na\u0161im prost\u0159ednictv\u00edm je mo\u017eno zakoupit kr\u00e1tkodob\u00e9 povolenky k rybolovu na pstruhov\u00e9 i mimopstruhov\u00e9 vody. Po\u017eadavek na zakoupen\u00ed povolenky n\u00e1m pros\u00edm sd\u011blte p\u0159i \u00a0rezervaci.<\/p>\n<p>Ubytov\u00e1n\u00ed pros\u00edm rezervujte prost\u0159ednictv\u00edm na\u0161ich str\u00e1nek <a href=\"https:\/\/rybari.pohoda.com\/?page_id=1036\">na tomto odkazu<\/a> nebo v s\u00eddle na\u0161\u00ed organizace:<\/p>\n<p>Lidick\u00e1 191<br \/>\n370 07 \u010cesk\u00e9 Bud\u011bjovice<\/p>\n<p><strong>Telefon:<\/strong>\u00a0386466330<br \/>\n<strong>Mobil:<\/strong> 603320043,723468808<\/p>\n<p>K rekrea\u010dn\u00edmu za\u0159\u00edzen\u00ed se dostanete po cest\u011b z obce D\u011bkansk\u00e9 Skaliny sm\u011brem na vodn\u00ed n\u00e1dr\u017e Hradi\u0161t\u011b &#8211; \u010cern\u00e1.<\/p>\n<p><iframe loading=\"lazy\" src=\"http:\/\/maps.google.com\/maps?q=48.743781,14.552765&amp;num=1&amp;hl=cs&amp;ie=UTF8&amp;ll=48.743632,14.552701&amp;spn=0.005936,0.009645&amp;t=m&amp;z=14&amp;output=embed\" width=\"425\" height=\"350\" frameborder=\"0\" marginwidth=\"0\" marginheight=\"0\" scrolling=\"no\"><\/iframe><br \/>\n<small><a style=\"color: #0000ff; text-align: left;\" href=\"http:\/\/maps.google.com\/maps?q=48.743781,14.552765&amp;num=1&amp;hl=cs&amp;ie=UTF8&amp;ll=48.743632,14.552701&amp;spn=0.005936,0.009645&amp;t=m&amp;z=14&amp;source=embed\">Zv\u011bt\u0161it mapu<\/a><\/small><\/p>\n","protected":false},"excerpt":{"rendered":"<p>Ubytov\u00e1n\u00ed v na\u0161em rekrea\u010dn\u00edm za\u0159\u00edzen\u00ed je ur\u010dena nejen pro ryb\u00e1\u0159e. \u00a0Cel\u00e9 okol\u00ed je jako stvo\u0159en\u00e9 pro cykloturistick\u00e9 a turistick\u00e9 v\u00fdlety. Kapacita za\u0159\u00edzen\u00ed je 20 l\u016f\u017eek ve \u010dty\u0159l\u016f\u017ekov\u00fdch pokoj\u00edch s vlastn\u00edm soci\u00e1ln\u00edm za\u0159\u00edzen\u00edm, teplou vodou, vlastn\u00ed kuchy\u0148kou a topen\u00edm na d\u0159evo v kombinaci s elektrick\u00fdm vyt\u00e1p\u011bn\u00edm. Uk\u00e1zky ubytov\u00e1n\u00ed naleznete v na\u0161\u00ed fotogalerii. Cena za ubytov\u00e1n\u00ed je [&hellip;]<\/p>\n","protected":false},"author":1,"featured_media":0,"parent":0,"menu_order":0,"comment_status":"closed","ping_status":"open","template":"","meta":{"ngg_post_thumbnail":0,"footnotes":""},"class_list":["post-303","page","type-page","status-publish","hentry"],"_links":{"self":[{"href":"https:\/\/rybari.pohoda.com\/index.php?rest_route=\/wp\/v2\/pages\/303","targetHints":{"allow":["GET"]}}],"collection":[{"href":"https:\/\/rybari.pohoda.com\/index.php?rest_route=\/wp\/v2\/pages"}],"about":[{"href":"https:\/\/rybari.pohoda.com\/index.php?rest_route=\/wp\/v2\/types\/page"}],"author":[{"embeddable":true,"href":"https:\/\/rybari.pohoda.com\/index.php?rest_route=\/wp\/v2\/users\/1"}],"replies":[{"embeddable":true,"href":"https:\/\/rybari.pohoda.com\/index.php?rest_route=%2Fwp%2Fv2%2Fcomments&post=303"}],"version-history":[{"count":38,"href":"https:\/\/rybari.pohoda.com\/index.php?rest_route=\/wp\/v2\/pages\/303\/revisions"}],"predecessor-version":[{"id":2156,"href":"https:\/\/rybari.pohoda.com\/index.php?rest_route=\/wp\/v2\/pages\/303\/revisions\/2156"}],"wp:attachment":[{"href":"https:\/\/rybari.pohoda.com\/index.php?rest_route=%2Fwp%2Fv2%2Fmedia&parent=303"}],"curies":[{"name":"wp","href":"https:\/\/api.w.org\/{rel}","templated":true}]}}