{"id":176,"date":"2011-06-24T14:17:11","date_gmt":"2011-06-24T14:17:11","guid":{"rendered":"http:\/\/rybari.pohoda.com\/?page_id=176"},"modified":"2018-05-28T09:31:43","modified_gmt":"2018-05-28T07:31:43","slug":"informace","status":"publish","type":"page","link":"https:\/\/rybari.pohoda.com\/?page_id=176","title":{"rendered":"Informace"},"content":{"rendered":"<p><strong>PSTRUHOV\u00c9 REV\u00cdRY<\/strong><\/p>\n<p><strong>423 \u2013 009 \u010cern\u00e1 1<\/strong><br \/>\n21 km dlouh\u00fd,rozloha 6 ha<br \/>\nP\u0159\u00edtok Mal\u0161e \u2013 Vltavy. Od \u00fast\u00ed do Mal\u0161e pod Kaplici a\u017e k mostu p\u0159es \u0159eku v obci \u010cern\u00e9 \u00fadol\u00ed v\u010detn\u011b rybn\u00edka v Bene\u0161ov\u011b nad \u010cernou \u2013 0,5 ha. Ve\u0161ker\u00e9 potoky v\u010detn\u011b Ml\u00fdnsk\u00e9ho potoka jsou chovn\u00e9 \u2013 sportovn\u00ed rybolov zak\u00e1z\u00e1n. Obtokov\u00e9 koryto od t\u011blesa hr\u00e1ze n\u00e1dr\u017ee Sob\u011bnov v k. \u00fa. Blansko a\u017e k v\u00fdpusti z elektr\u00e1rny je chovn\u00e9 &#8211; sportovn\u00ed rybolov zak\u00e1z\u00e1n. \u00dasek od soutoku s Mal\u0161\u00ed a\u017e k v\u00fdpusti z elektr\u00e1rny je chr\u00e1n\u011bn\u00e1 ryb\u00ed oblast &#8211; lov ryb zak\u00e1z\u00e1n.<br \/>\n<strong>423 \u2013 010 \u010cern\u00e1 2<\/strong><br \/>\nrozloha 42 ha<br \/>\nRyb\u00e1\u0159sk\u00fd rev\u00edr tvo\u0159\u00ed n\u00e1dr\u017e: Sob\u011bnov k. \u00fa. Blansko. Z\u00e1kaz rybolovu z pozemku J\u010cE v \u00faseku 30 m od \u010deslic, ozna\u010deno tabulemi. Obvodov\u00e1 stoka n\u00e1dr\u017ee Sob\u011bnov je sou\u010d\u00e1st\u00ed rev\u00edru. Z\u00e1kaz pou\u017e\u00edv\u00e1n\u00ed krm\u00edtek a z\u00e1kaz krmen\u00ed.<\/p>\n<p>&nbsp;<\/p>\n<p><strong>MIMOPSTRUHOV\u00c9 REV\u00cdRY<\/strong><\/p>\n<p><strong>421 &#8211; 076 Litv\u00ednovick\u00fd potok<\/strong><br \/>\nRozloha: 19,08 ha<br \/>\nPovod\u00ed Vltavy, ryb\u00e1\u0159sk\u00fd rev\u00edr je tvo\u0159en rybn\u00edky:<br \/>\nSv\u011btl\u00edk v k. \u00fa. \u010cesk\u00e9 Bud\u011bjovice, 6.29 ha<br \/>\nDoln\u00ed v k. \u00fa. Litv\u00ednovice, 1.19 ha<br \/>\n\u0160tilec v k. \u00fa. Kamenn\u00fd \u00dajezd, 11.60 ha<br \/>\nCelkov\u00e9 zarybn\u011bn\u00ed rev\u00edru je : 5 700 ks kapra,950 ks Amura 700 ks cand\u00e1ta,700,ks \u0161tiky,20 ks sumce,400 ks okouna,400 ks b\u00edl\u00e9 ryby,1000 ks \u00faho\u0159.<br \/>\nNa t\u011bchto rybn\u00edc\u00edch plat\u00ed pouze zvl\u00e1\u0161tn\u00ed m\u00edstn\u00ed povolenky. Na ka\u017ed\u00fd rybn\u00edk se povolenky prod\u00e1vaj\u00ed samostatn\u011b.<br \/>\nNa rybn\u00edku \u0160tilec mo\u017en\u00e9 ubytov\u00e1n\u00ed jak v campu tak v motelu, je zde mo\u017enost stravov\u00e1n\u00ed, kr\u00e1tkodob\u00e9 povolenky mo\u017eno zakoupit:<br \/>\nv kancel\u00e1\u0159i MO Lidick\u00e1 191 \u010cesk\u00e9 Bud\u011bjovice tel.: 386466330,mob.723468808.<br \/>\nv recepci campu od kv\u011btna do konce z\u00e1\u0159\u00ed<br \/>\nv ryb\u00e1\u0159sk\u00fdch pot\u0159eb\u00e1ch Iveta Mike\u0161ov\u00e1 Kaplice.<br \/>\n<strong>421 &#8211; 300 Rybn\u00edk Lhoteck\u00fd<\/strong><br \/>\nRozloha: 24,00 ha<br \/>\nk.\u00fa. Lhotka u T\u0159eb\u010de, silnice sm\u011br Borovany-Ole\u0161nice-Nov\u00e9 Hrady<br \/>\nsou\u0159adnice GPS:&nbsp;<a href=\"https:\/\/goo.gl\/maps\/MUYKjzJkF7Q2\" target=\"_blank\" rel=\"noopener\">48\u00b051\u201929.2\u2033N 14\u00b041\u201930.5\u2033E<\/a><br \/>\nRybn\u00edk s lovem ryb na udici, kde pov\u011b\u0159en\u00fdmi osobami ve smyslu \u00a73 odst. 2 z\u00e1kona \u010d.99\/2004 Sb. jsou v\u0161ichni dr\u017eitel\u00e9 MP povolenky \u00fazemn\u00ed \u010cRS, z. s. J\u010d\u00daS a MP povolenky celosvazov\u00e9. Nejedn\u00e1 se o ryb\u00e1\u0159sk\u00fd rev\u00edr vyhl\u00e1\u0161en\u00fd p\u0159\u00edslu\u0161n\u00fdm ryb\u00e1\u0159sk\u00fdm org\u00e1nem. Lov\u00edc\u00ed je povinen dodr\u017eovat stejn\u00e1 pravidla pro lov ryb plat\u00edc\u00ed pro MP ryb\u00e1\u0159sk\u00e9 rev\u00edry \u010cRS, z. s., J\u010d\u00daS. \u00daseky, kde je lov ryb zak\u00e1z\u00e1n, jsou ozna\u010deny cedulemi. Z\u00e1kaz lovu z mol a d\u0159ev\u011bn\u00fdch l\u00e1vek<\/p>\n","protected":false},"excerpt":{"rendered":"<p>PSTRUHOV\u00c9 REV\u00cdRY 423 \u2013 009 \u010cern\u00e1 1 21 km dlouh\u00fd,rozloha 6 ha P\u0159\u00edtok Mal\u0161e \u2013 Vltavy. Od \u00fast\u00ed do Mal\u0161e pod Kaplici a\u017e k mostu p\u0159es \u0159eku v obci \u010cern\u00e9 \u00fadol\u00ed v\u010detn\u011b rybn\u00edka v Bene\u0161ov\u011b nad \u010cernou \u2013 0,5 ha. Ve\u0161ker\u00e9 potoky v\u010detn\u011b Ml\u00fdnsk\u00e9ho potoka jsou chovn\u00e9 \u2013 sportovn\u00ed rybolov zak\u00e1z\u00e1n. Obtokov\u00e9 koryto od t\u011blesa [&hellip;]<\/p>\n","protected":false},"author":1,"featured_media":0,"parent":0,"menu_order":0,"comment_status":"closed","ping_status":"open","template":"","meta":{"ngg_post_thumbnail":0,"footnotes":""},"class_list":["post-176","page","type-page","status-publish","hentry"],"_links":{"self":[{"href":"https:\/\/rybari.pohoda.com\/index.php?rest_route=\/wp\/v2\/pages\/176","targetHints":{"allow":["GET"]}}],"collection":[{"href":"https:\/\/rybari.pohoda.com\/index.php?rest_route=\/wp\/v2\/pages"}],"about":[{"href":"https:\/\/rybari.pohoda.com\/index.php?rest_route=\/wp\/v2\/types\/page"}],"author":[{"embeddable":true,"href":"https:\/\/rybari.pohoda.com\/index.php?rest_route=\/wp\/v2\/users\/1"}],"replies":[{"embeddable":true,"href":"https:\/\/rybari.pohoda.com\/index.php?rest_route=%2Fwp%2Fv2%2Fcomments&post=176"}],"version-history":[{"count":15,"href":"https:\/\/rybari.pohoda.com\/index.php?rest_route=\/wp\/v2\/pages\/176\/revisions"}],"predecessor-version":[{"id":1451,"href":"https:\/\/rybari.pohoda.com\/index.php?rest_route=\/wp\/v2\/pages\/176\/revisions\/1451"}],"wp:attachment":[{"href":"https:\/\/rybari.pohoda.com\/index.php?rest_route=%2Fwp%2Fv2%2Fmedia&parent=176"}],"curies":[{"name":"wp","href":"https:\/\/api.w.org\/{rel}","templated":true}]}}