{"id":151,"date":"2011-06-23T16:08:53","date_gmt":"2011-06-23T16:08:53","guid":{"rendered":"http:\/\/rybari.pohoda.com\/?page_id=151"},"modified":"2025-03-14T14:50:09","modified_gmt":"2025-03-14T13:50:09","slug":"rekreacni-zarizeni-po-rekonstrukci","status":"publish","type":"page","link":"https:\/\/rybari.pohoda.com\/?page_id=151","title":{"rendered":"Rekrea\u010dn\u00ed za\u0159izen\u00ed po rekonstrukci"},"content":{"rendered":"","protected":false},"excerpt":{"rendered":"","protected":false},"author":1,"featured_media":0,"parent":79,"menu_order":0,"comment_status":"closed","ping_status":"open","template":"","meta":{"ngg_post_thumbnail":0,"footnotes":""},"class_list":["post-151","page","type-page","status-publish","hentry"],"_links":{"self":[{"href":"https:\/\/rybari.pohoda.com\/index.php?rest_route=\/wp\/v2\/pages\/151","targetHints":{"allow":["GET"]}}],"collection":[{"href":"https:\/\/rybari.pohoda.com\/index.php?rest_route=\/wp\/v2\/pages"}],"about":[{"href":"https:\/\/rybari.pohoda.com\/index.php?rest_route=\/wp\/v2\/types\/page"}],"author":[{"embeddable":true,"href":"https:\/\/rybari.pohoda.com\/index.php?rest_route=\/wp\/v2\/users\/1"}],"replies":[{"embeddable":true,"href":"https:\/\/rybari.pohoda.com\/index.php?rest_route=%2Fwp%2Fv2%2Fcomments&post=151"}],"version-history":[{"count":1,"href":"https:\/\/rybari.pohoda.com\/index.php?rest_route=\/wp\/v2\/pages\/151\/revisions"}],"predecessor-version":[{"id":2131,"href":"https:\/\/rybari.pohoda.com\/index.php?rest_route=\/wp\/v2\/pages\/151\/revisions\/2131"}],"up":[{"embeddable":true,"href":"https:\/\/rybari.pohoda.com\/index.php?rest_route=\/wp\/v2\/pages\/79"}],"wp:attachment":[{"href":"https:\/\/rybari.pohoda.com\/index.php?rest_route=%2Fwp%2Fv2%2Fmedia&parent=151"}],"curies":[{"name":"wp","href":"https:\/\/api.w.org\/{rel}","templated":true}]}}