{"id":1390,"date":"2018-03-06T11:03:57","date_gmt":"2018-03-06T10:03:57","guid":{"rendered":"http:\/\/rybari.pohoda.com\/?page_id=1390"},"modified":"2018-03-06T11:03:57","modified_gmt":"2018-03-06T10:03:57","slug":"rekreacni-zarizeni-po-rekonstrukci","status":"publish","type":"page","link":"https:\/\/rybari.pohoda.com\/?page_id=1390","title":{"rendered":"Rekrea\u010dn\u00ed za\u0159izen\u00ed po rekonstrukci"},"content":{"rendered":"ngg_shortcode_0_placeholder\n","protected":false},"excerpt":{"rendered":"","protected":false},"author":1,"featured_media":0,"parent":0,"menu_order":0,"comment_status":"closed","ping_status":"closed","template":"","meta":{"ngg_post_thumbnail":0,"footnotes":""},"class_list":["post-1390","page","type-page","status-publish","hentry"],"_links":{"self":[{"href":"https:\/\/rybari.pohoda.com\/index.php?rest_route=\/wp\/v2\/pages\/1390","targetHints":{"allow":["GET"]}}],"collection":[{"href":"https:\/\/rybari.pohoda.com\/index.php?rest_route=\/wp\/v2\/pages"}],"about":[{"href":"https:\/\/rybari.pohoda.com\/index.php?rest_route=\/wp\/v2\/types\/page"}],"author":[{"embeddable":true,"href":"https:\/\/rybari.pohoda.com\/index.php?rest_route=\/wp\/v2\/users\/1"}],"replies":[{"embeddable":true,"href":"https:\/\/rybari.pohoda.com\/index.php?rest_route=%2Fwp%2Fv2%2Fcomments&post=1390"}],"version-history":[{"count":0,"href":"https:\/\/rybari.pohoda.com\/index.php?rest_route=\/wp\/v2\/pages\/1390\/revisions"}],"wp:attachment":[{"href":"https:\/\/rybari.pohoda.com\/index.php?rest_route=%2Fwp%2Fv2%2Fmedia&parent=1390"}],"curies":[{"name":"wp","href":"https:\/\/api.w.org\/{rel}","templated":true}]}}